{"id":1054,"date":"2022-01-08T13:54:27","date_gmt":"2022-01-08T12:54:27","guid":{"rendered":"https:\/\/fleborgne.aristeecampus.org\/?page_id=1054"},"modified":"2022-01-08T13:54:27","modified_gmt":"2022-01-08T12:54:27","slug":"attestation-cnil","status":"publish","type":"page","link":"https:\/\/fleborgne.aristeecampus.org\/index.php\/attestation-cnil\/","title":{"rendered":"Attestation CNIL"},"content":{"rendered":"\n<p>Suite a ma formation dans les locaux de l&rsquo;ecole Arist\u00e9e, j&rsquo;ai \u00e9t\u00e9 amener a r\u00e9aliser un MOOC proposer par la CNIL, je l&rsquo;ai obtenu comme affich\u00e9 ci-dessous:<\/p>\n\n\n\n<figure class=\"wp-block-image size-large\"><img loading=\"lazy\" width=\"965\" height=\"682\" src=\"https:\/\/fleborgne.aristeecampus.org\/wp-content\/uploads\/2022\/01\/Attestation-mooc-CNIL.png\" alt=\"\" class=\"wp-image-1055\" srcset=\"https:\/\/fleborgne.aristeecampus.org\/wp-content\/uploads\/2022\/01\/Attestation-mooc-CNIL.png 965w, https:\/\/fleborgne.aristeecampus.org\/wp-content\/uploads\/2022\/01\/Attestation-mooc-CNIL-300x212.png 300w, https:\/\/fleborgne.aristeecampus.org\/wp-content\/uploads\/2022\/01\/Attestation-mooc-CNIL-768x543.png 768w\" sizes=\"(max-width: 965px) 100vw, 965px\" \/><\/figure>\n","protected":false},"excerpt":{"rendered":"<p>Suite a ma formation dans les locaux de l&rsquo;ecole Arist\u00e9e, j&rsquo;ai \u00e9t\u00e9 amener a r\u00e9aliser un MOOC proposer par la &hellip; <\/p>\n","protected":false},"author":2,"featured_media":0,"parent":0,"menu_order":0,"comment_status":"closed","ping_status":"closed","template":"","meta":[],"_links":{"self":[{"href":"https:\/\/fleborgne.aristeecampus.org\/index.php\/wp-json\/wp\/v2\/pages\/1054"}],"collection":[{"href":"https:\/\/fleborgne.aristeecampus.org\/index.php\/wp-json\/wp\/v2\/pages"}],"about":[{"href":"https:\/\/fleborgne.aristeecampus.org\/index.php\/wp-json\/wp\/v2\/types\/page"}],"author":[{"embeddable":true,"href":"https:\/\/fleborgne.aristeecampus.org\/index.php\/wp-json\/wp\/v2\/users\/2"}],"replies":[{"embeddable":true,"href":"https:\/\/fleborgne.aristeecampus.org\/index.php\/wp-json\/wp\/v2\/comments?post=1054"}],"version-history":[{"count":1,"href":"https:\/\/fleborgne.aristeecampus.org\/index.php\/wp-json\/wp\/v2\/pages\/1054\/revisions"}],"predecessor-version":[{"id":1056,"href":"https:\/\/fleborgne.aristeecampus.org\/index.php\/wp-json\/wp\/v2\/pages\/1054\/revisions\/1056"}],"wp:attachment":[{"href":"https:\/\/fleborgne.aristeecampus.org\/index.php\/wp-json\/wp\/v2\/media?parent=1054"}],"curies":[{"name":"wp","href":"https:\/\/api.w.org\/{rel}","templated":true}]}}