{"id":347,"date":"2020-10-08T10:32:02","date_gmt":"2020-10-08T08:32:02","guid":{"rendered":"http:\/\/fleborgne.aristeecampus.org\/?page_id=347"},"modified":"2022-01-08T16:06:24","modified_gmt":"2022-01-08T15:06:24","slug":"accueil","status":"publish","type":"page","link":"https:\/\/fleborgne.aristeecampus.org\/","title":{"rendered":"Accueil"},"content":{"rendered":"\n<p class=\"has-text-align-center has-black-color has-text-color\" style=\"font-size:24px\">Sur les diverses pages du sites, vous sera pr\u00e9sent\u00e9 tout mon parcours professionnel durant mon alternance mais aussi, les personnes avec qui j&rsquo;ai travaill\u00e9 et les diff\u00e9rents projets que j&rsquo;ai pu r\u00e9alis\u00e9 tout au long de mon parcours scolaire et professionnel.<\/p>\n\n\n\n<p class=\"has-black-color has-text-color has-normal-font-size\">Mes principaux int\u00e9r\u00eats sur la veille technologique sont:<br>-Les Raspberry PI<br>-Les failles de s\u00e9curit\u00e9s syst\u00e8me<br><br>Mes comp\u00e9tences de pr\u00e9dilections:<\/p>\n","protected":false},"excerpt":{"rendered":"<p>Sur les diverses pages du sites, vous sera pr\u00e9sent\u00e9 tout mon parcours professionnel durant mon alternance mais aussi, les personnes &hellip; <\/p>\n","protected":false},"author":2,"featured_media":0,"parent":0,"menu_order":0,"comment_status":"closed","ping_status":"closed","template":"template-home.php","meta":[],"_links":{"self":[{"href":"https:\/\/fleborgne.aristeecampus.org\/index.php\/wp-json\/wp\/v2\/pages\/347"}],"collection":[{"href":"https:\/\/fleborgne.aristeecampus.org\/index.php\/wp-json\/wp\/v2\/pages"}],"about":[{"href":"https:\/\/fleborgne.aristeecampus.org\/index.php\/wp-json\/wp\/v2\/types\/page"}],"author":[{"embeddable":true,"href":"https:\/\/fleborgne.aristeecampus.org\/index.php\/wp-json\/wp\/v2\/users\/2"}],"replies":[{"embeddable":true,"href":"https:\/\/fleborgne.aristeecampus.org\/index.php\/wp-json\/wp\/v2\/comments?post=347"}],"version-history":[{"count":74,"href":"https:\/\/fleborgne.aristeecampus.org\/index.php\/wp-json\/wp\/v2\/pages\/347\/revisions"}],"predecessor-version":[{"id":1090,"href":"https:\/\/fleborgne.aristeecampus.org\/index.php\/wp-json\/wp\/v2\/pages\/347\/revisions\/1090"}],"wp:attachment":[{"href":"https:\/\/fleborgne.aristeecampus.org\/index.php\/wp-json\/wp\/v2\/media?parent=347"}],"curies":[{"name":"wp","href":"https:\/\/api.w.org\/{rel}","templated":true}]}}