{"id":399,"date":"2020-10-15T09:34:46","date_gmt":"2020-10-15T07:34:46","guid":{"rendered":"http:\/\/fleborgne.aristeecampus.org\/?page_id=399"},"modified":"2021-09-06T14:11:56","modified_gmt":"2021-09-06T12:11:56","slug":"cv","status":"publish","type":"page","link":"https:\/\/fleborgne.aristeecampus.org\/index.php\/cv\/","title":{"rendered":"CV"},"content":{"rendered":"\n<p><\/p>\n\n\n\n<p class=\"has-text-align-left has-medium-font-size\"><strong><span class=\"has-inline-color has-vivid-cyan-blue-color\">TECHNICIEN D\u2019ASSISTANCE EN INFORMATIQUE<\/span><\/strong><\/p>\n\n\n\n<p><br><strong>FORMATION<\/strong><\/p>\n\n\n\n<p>Septembre 2017\/ Juin 2018&nbsp;&nbsp;&nbsp;&nbsp;&nbsp;&nbsp; Formation TAI (Titre niveau 4 obtenu)<\/p>\n\n\n\n<p>&nbsp;&nbsp;&nbsp;&nbsp;&nbsp;&nbsp;&nbsp;&nbsp;&nbsp;&nbsp;&nbsp;&nbsp;&nbsp;&nbsp;&nbsp;&nbsp;&nbsp;&nbsp;&nbsp;&nbsp;&nbsp;&nbsp;&nbsp;&nbsp;&nbsp;&nbsp;&nbsp;&nbsp;&nbsp;&nbsp;&nbsp;&nbsp;&nbsp;&nbsp;&nbsp;&nbsp;&nbsp;&nbsp;&nbsp;&nbsp;&nbsp;&nbsp;&nbsp;&nbsp;&nbsp;&nbsp;&nbsp;&nbsp;&nbsp;&nbsp;&nbsp; Euroform \u2013 Toulon<\/p>\n\n\n\n<p><strong>E<\/strong><strong>XPERIENCE PROFESSIONNELLE<\/strong><\/p>\n\n\n\n<p><strong>2019<\/strong>&nbsp;&nbsp;&nbsp;&nbsp;&nbsp;&nbsp;&nbsp;&nbsp;&nbsp;&nbsp;&nbsp;&nbsp;&nbsp;&nbsp;&nbsp;&nbsp;&nbsp;&nbsp;&nbsp;&nbsp;&nbsp;&nbsp;&nbsp;&nbsp;&nbsp;&nbsp;&nbsp;&nbsp;&nbsp;&nbsp;&nbsp;&nbsp;&nbsp;&nbsp;&nbsp;&nbsp;&nbsp;&nbsp;&nbsp;&nbsp;&nbsp;&nbsp;&nbsp; <strong>Stage mission locale<\/strong><\/p>\n\n\n\n<p>(4 semaines)&nbsp;&nbsp;&nbsp;&nbsp;&nbsp;&nbsp;&nbsp;&nbsp;&nbsp;&nbsp;&nbsp;&nbsp;&nbsp;&nbsp;&nbsp;&nbsp;&nbsp;&nbsp;&nbsp;&nbsp;&nbsp;&nbsp;&nbsp;&nbsp;&nbsp;&nbsp;&nbsp;&nbsp;&nbsp;&nbsp; BPC Informatique \u2013 Bormes Les Mimosas<\/p>\n\n\n\n<p>(4 semaines)&nbsp;&nbsp;&nbsp;&nbsp;&nbsp;&nbsp;&nbsp;&nbsp;&nbsp;&nbsp;&nbsp;&nbsp;&nbsp;&nbsp;&nbsp;&nbsp;&nbsp;&nbsp;&nbsp;&nbsp;&nbsp;&nbsp;&nbsp;&nbsp;&nbsp;&nbsp;&nbsp;&nbsp;&nbsp;&nbsp; Service informatique Mairie \u2013 La Londe Les Maures<\/p>\n\n\n\n<p>(2 semaines)&nbsp;&nbsp;&nbsp;&nbsp;&nbsp;&nbsp;&nbsp;&nbsp;&nbsp;&nbsp;&nbsp;&nbsp;&nbsp;&nbsp;&nbsp;&nbsp;&nbsp;&nbsp;&nbsp;&nbsp;&nbsp;&nbsp;&nbsp;&nbsp;&nbsp;&nbsp;&nbsp;&nbsp;&nbsp;&nbsp; Cybertek \u2013 La Garde<\/p>\n\n\n\n<p><strong>2018<\/strong>&nbsp;&nbsp;&nbsp;&nbsp;&nbsp;&nbsp;&nbsp;&nbsp;&nbsp;&nbsp;&nbsp;&nbsp;&nbsp;&nbsp;&nbsp;&nbsp;&nbsp;&nbsp;&nbsp;&nbsp;&nbsp;&nbsp;&nbsp;&nbsp;&nbsp;&nbsp;&nbsp;&nbsp;&nbsp;&nbsp;&nbsp;&nbsp;&nbsp;&nbsp;&nbsp;&nbsp;&nbsp;&nbsp;&nbsp;&nbsp;&nbsp;&nbsp;&nbsp; <strong>Stage TAI<\/strong><\/p>\n\n\n\n<p>(4 semaines)<strong>&nbsp;&nbsp;&nbsp;&nbsp;&nbsp;&nbsp;&nbsp;&nbsp;&nbsp;&nbsp;&nbsp;&nbsp;&nbsp;&nbsp;&nbsp;&nbsp;&nbsp;&nbsp;&nbsp;&nbsp;&nbsp;&nbsp;&nbsp;&nbsp;&nbsp;&nbsp;&nbsp;&nbsp;&nbsp;&nbsp; <\/strong>Cavatore Technologie \u2013 Le Lavandou<\/p>\n\n\n\n<p>(6 semaines)&nbsp;&nbsp;&nbsp;&nbsp;&nbsp;&nbsp;&nbsp;&nbsp;&nbsp;&nbsp;&nbsp;&nbsp;&nbsp;&nbsp;&nbsp;&nbsp;&nbsp;&nbsp;&nbsp;&nbsp;&nbsp;&nbsp;&nbsp;&nbsp;&nbsp;&nbsp;&nbsp;&nbsp;&nbsp;&nbsp; BPC Informatique \u2013 Bormes Les Mimosas<\/p>\n\n\n\n<p><strong>C<\/strong><strong>OMPETENCES<\/strong><\/p>\n\n\n\n<ul><li>Niveau B2 Anglais parl\u00e9, lu et \u00e9crit<\/li><li>Intervenir et assister sur poste informatique aupr\u00e8s des entreprises et des particuliers<\/li><li>Assister en centre de services informatiques et num\u00e9riques aupr\u00e8s des entreprises et des particuliers<\/li><li>Diagnostiquer un ordinateur et r\u00e9parer une d\u00e9faillance mat\u00e9rielle ou logicielle<\/li><li>Administrer et configurer un serveur avec diff\u00e9rents r\u00f4les (NAT, DHCP, FTP, WDS, SMB, AD DS,&nbsp;DNS)<\/li><li>Linux (Administration mod\u00e9r\u00e9e)<\/li><li>R\u00e9aliser une infrastructure r\u00e9seau compl\u00e8te<\/li><li>Capable d\u2019utiliser des outils libres pour l\u2019am\u00e9lioration d\u2019un parc informatique \u00e0 moindre co\u00fbt<\/li><li>Remise en service de postes informatique avec divers probl\u00e8mes<\/li><li>Configuration d\u2019un serveur de d\u00e9ploiement linux avec raid 5 (FOG)<\/li><li>Modification d\u2019une infrastructure r\u00e9seau d\u00e9j\u00e0 existante<\/li><li>Configuration de sous r\u00e9seau (VLSM) et VLAN<\/li><\/ul>\n\n\n\n<p><strong>C<\/strong><strong>ENTRES D\u2019INTERET<\/strong><\/p>\n\n\n\n<p>Informatique, modding, d\u00e9veloppement, jeux vid\u00e9o<\/p>\n\n\n\n<p><\/p>\n\n\n\n<a href=\"https:\/\/fleborgne.aristeecampus.org\/wp-content\/uploads\/2020\/10\/CV-Florent-LEBORGNE-TAI.pdf\" target=\"_blank\" rel=\"noopener noreferrer\"> <img loading=\"lazy\" alt=\"pdf\" src=\"\/wp-content\/uploads\/2020\/11\/32897.png\" id=\"test\" width=\"64\" height=\"64\" border=\"0\">\n<\/a>\n","protected":false},"excerpt":{"rendered":"<p>TECHNICIEN D\u2019ASSISTANCE EN INFORMATIQUE FORMATION Septembre 2017\/ Juin 2018&nbsp;&nbsp;&nbsp;&nbsp;&nbsp;&nbsp; Formation TAI (Titre niveau 4 obtenu) &nbsp;&nbsp;&nbsp;&nbsp;&nbsp;&nbsp;&nbsp;&nbsp;&nbsp;&nbsp;&nbsp;&nbsp;&nbsp;&nbsp;&nbsp;&nbsp;&nbsp;&nbsp;&nbsp;&nbsp;&nbsp;&nbsp;&nbsp;&nbsp;&nbsp;&nbsp;&nbsp;&nbsp;&nbsp;&nbsp;&nbsp;&nbsp;&nbsp;&nbsp;&nbsp;&nbsp;&nbsp;&nbsp;&nbsp;&nbsp;&nbsp;&nbsp;&nbsp;&nbsp;&nbsp;&nbsp;&nbsp;&nbsp;&nbsp;&nbsp;&nbsp; Euroform \u2013 Toulon EXPERIENCE &hellip; <\/p>\n","protected":false},"author":2,"featured_media":0,"parent":0,"menu_order":0,"comment_status":"closed","ping_status":"closed","template":"","meta":[],"_links":{"self":[{"href":"https:\/\/fleborgne.aristeecampus.org\/index.php\/wp-json\/wp\/v2\/pages\/399"}],"collection":[{"href":"https:\/\/fleborgne.aristeecampus.org\/index.php\/wp-json\/wp\/v2\/pages"}],"about":[{"href":"https:\/\/fleborgne.aristeecampus.org\/index.php\/wp-json\/wp\/v2\/types\/page"}],"author":[{"embeddable":true,"href":"https:\/\/fleborgne.aristeecampus.org\/index.php\/wp-json\/wp\/v2\/users\/2"}],"replies":[{"embeddable":true,"href":"https:\/\/fleborgne.aristeecampus.org\/index.php\/wp-json\/wp\/v2\/comments?post=399"}],"version-history":[{"count":8,"href":"https:\/\/fleborgne.aristeecampus.org\/index.php\/wp-json\/wp\/v2\/pages\/399\/revisions"}],"predecessor-version":[{"id":902,"href":"https:\/\/fleborgne.aristeecampus.org\/index.php\/wp-json\/wp\/v2\/pages\/399\/revisions\/902"}],"wp:attachment":[{"href":"https:\/\/fleborgne.aristeecampus.org\/index.php\/wp-json\/wp\/v2\/media?parent=399"}],"curies":[{"name":"wp","href":"https:\/\/api.w.org\/{rel}","templated":true}]}}