{"id":580,"date":"2021-06-07T10:23:44","date_gmt":"2021-06-07T08:23:44","guid":{"rendered":"http:\/\/fleborgne.aristeecampus.org\/?page_id=580"},"modified":"2021-06-28T11:16:00","modified_gmt":"2021-06-28T09:16:00","slug":"presentation-gsb","status":"publish","type":"page","link":"https:\/\/fleborgne.aristeecampus.org\/index.php\/presentation-gsb\/","title":{"rendered":"Pr\u00e9sentation GSB"},"content":{"rendered":"\n<p class=\"has-text-align-center has-black-color has-text-color\">Cette pr\u00e9sentation sert de r\u00e9f\u00e9rence aux situations professionnel. Cette entreprise est fictive et est n\u00e9cessaire pour la r\u00e9alisation de mon BTS.<\/p>\n\n\n\n<p class=\"has-text-align-center\" style=\"font-size:24px\"><strong>DESCRIPTION DE L\u2019ENTREPRISE GSB ET DE SES BESOINS INFORMATIQUES<\/strong><\/p>\n\n\n\n<p class=\"has-vivid-red-color has-text-color\" style=\"font-size:18px\"><strong>Description du laboratoire GSB<\/strong><\/p>\n\n\n\n<p class=\"has-black-color has-text-color has-normal-font-size\"><strong>Le secteur d&rsquo;activit\u00e9<\/strong><br>L\u2019industrie pharmaceutique est un secteur tr\u00e8s lucratif dans lequel le mouvement de fusion acquisition est tr\u00e8s fort. Les regroupements de laboratoires ces derni\u00e8res ann\u00e9es ont donn\u00e9 naissance \u00e0 des entit\u00e9s gigantesques au sein desquelles le travail est longtemps rest\u00e9 organis\u00e9 selon les anciennes structures.<br>Des d\u00e9boires divers r\u00e9cents autour de m\u00e9dicaments ou mol\u00e9cules ayant entra\u00een\u00e9 des complications m\u00e9dicales ont fait s&rsquo;\u00e9lever des voix contre une partie de l&rsquo;activit\u00e9 des laboratoires : la visite m\u00e9dicale, r\u00e9put\u00e9e \u00eatre le lieu d&rsquo; arrangements entre l&rsquo;industrie et les praticiens, et tout du moins un terrain d&rsquo;influence opaque.<br><br><strong>L&rsquo;entreprise<\/strong><br>Le laboratoire Galaxy Swiss Bourdin (GSB) est issu de la fusion entre le g\u00e9ant am\u00e9ricain Galaxy (sp\u00e9cialis\u00e9 dans le secteur des maladies virales dont le SIDA et les h\u00e9patites) et le conglom\u00e9rat europ\u00e9en Swiss Bourdin (travaillant sur des m\u00e9dicaments plus conventionnels), lui m\u00eame d\u00e9j\u00e0 union de trois petits laboratoires .<br>En 2009, les deux g\u00e9ants pharmaceutiques ont uni leurs forces pour cr\u00e9er un leader de ce secteur industriel. L&rsquo;entit\u00e9 Galaxy Swiss Bourdin Europe a \u00e9tabli son si\u00e8ge administratif \u00e0 Paris.<br>Le si\u00e8ge social de la multinationale est situ\u00e9 \u00e0 Philadelphie, Pennsylvanie, aux Etats-Unis.<\/p>\n\n\n\n<p class=\"has-vivid-red-color has-text-color\" style=\"font-size:18px\"><strong>La France a \u00e9t\u00e9 choisie comme t\u00e9moin pour l&rsquo;am\u00e9lioration du suivi de l&rsquo;activit\u00e9 de visite.<\/strong><\/p>\n\n\n\n<p class=\"has-black-color has-text-color has-normal-font-size\"><strong>R\u00e9organisation<\/strong><br>Une cons\u00e9quence de cette fusion, est la recherche d&rsquo;une optimisation de l\u2019activit\u00e9 du groupe ainsi constitu\u00e9 en r\u00e9alisant des \u00e9conomies d\u2019\u00e9chelle dans la production et la distribution des m\u00e9dicaments (en passant par une n\u00e9cessaire restructuration et vague de licenciement), tout en prenant le meilleur des deux laboratoires sur les produits concurrents.<br>L&rsquo;entreprise compte 480 visiteurs m\u00e9dicaux en France m\u00e9tropolitaine (Corse comprise), et 60 dans les d\u00e9partements et territoires d&rsquo;outre-mer. Les territoires sont r\u00e9partis en 6 secteurs g\u00e9ographiques (Paris-Centre, Sud, Nord, Ouest, Est, DTOM Cara\u00efbes-Am\u00e9riques, DTOM Asie-Afrique).<br>Une vision partielle de cette organisation est pr\u00e9sent\u00e9e ci-dessous.<\/p>\n\n\n\n<div class=\"wp-block-image\"><figure class=\"aligncenter size-large\"><img loading=\"lazy\" width=\"769\" height=\"327\" src=\"http:\/\/fleborgne.aristeecampus.org\/wp-content\/uploads\/2021\/06\/map-france-1.png\" alt=\"\" class=\"wp-image-645\" srcset=\"https:\/\/fleborgne.aristeecampus.org\/wp-content\/uploads\/2021\/06\/map-france-1.png 769w, https:\/\/fleborgne.aristeecampus.org\/wp-content\/uploads\/2021\/06\/map-france-1-300x128.png 300w\" sizes=\"(max-width: 769px) 100vw, 769px\" \/><\/figure><\/div>\n\n\n\n<p class=\"has-vivid-red-color has-text-color has-normal-font-size\"><strong><em>Apr\u00e8s deux ann\u00e9es de r\u00e9organisations internes, tant au niveau du personnel que du fonctionnement administratif, l&rsquo;entreprise GSB souhaite moderniser l&rsquo;activit\u00e9 de visite m\u00e9dicale.<\/em><\/strong><\/p>\n\n\n\n<p class=\"has-vivid-red-color has-text-color\" style=\"font-size:18px\"><br><strong>Description du Syst\u00e8me Informatique<\/strong><\/p>\n\n\n\n<p class=\"has-black-color has-text-color has-normal-font-size\"><strong>Le syst\u00e8me informatique<\/strong><br>Sur le site parisien, toutes les fonctions administratives (gestion des ressources humaines, comptabilit\u00e9, direction, commerciale, etc.) sont pr\u00e9sentes. On trouve en outre un service labo-recherche, le service juridique et le service communication.<br>La salle serveur occupe le 6\u00e8me \u00e9tage du b\u00e2timent et les acc\u00e8s y sont restreints (\u00e9tage accessible par ascenseur \u00e0 l&rsquo;aide d&rsquo;une cl\u00e9 s\u00e9curis\u00e9e, portes d&rsquo;acc\u00e8s par escalier munies d&rsquo;un lecteur de badge, sas d&rsquo;entr\u00e9e avec gardien pr\u00e9sent 24h\/24).<br>Les serveurs assurent les fonctions de base du r\u00e9seau (DHCP, DNS, Annuaire et gestion centralis\u00e9e des environnements) et les fonctions de communication (Intranet, Messagerie, Agenda partag\u00e9, etc.).<br>On trouve aussi de nombreuses applications m\u00e9tier (base d&rsquo;information pharmaceutique, serveurs d\u00e9di\u00e9s \u00e0 la recherche, base de donn\u00e9es des produits du laboratoire, base de donn\u00e9es des licences d&rsquo;exploitation pharmaceutique, etc.) et les fonctions plus g\u00e9n\u00e9riques de toute entreprise (Progiciel de Gestion Int\u00e9gr\u00e9 avec ses modules RH, GRC, etc.).<br>Un nombre croissant de serveurs est virtualis\u00e9.<br>Constitu\u00e9 autour de VLAN, le r\u00e9seau segmente les services de mani\u00e8re \u00e0 fluidifier le trafic.<br>Les donn\u00e9es de l&rsquo;entreprises sont consid\u00e9r\u00e9es comme strat\u00e9giques et ne peuvent tol\u00e9rer ni fuite, ni destruction. L&rsquo;ensemble des informations est r\u00e9pliqu\u00e9 quotidiennement aux Etats-Unis par un lien d\u00e9di\u00e9. Toutes les fonctions de redondances (RAID, alimentation, lien r\u00e9seau redondant, Spanning-tree, clustering, etc.) sont mises en oeuvre pour assurer une tol\u00e9rance aux pannes maximale.<br><br><strong>La gestion informatique<\/strong><br>La DSI (Direction des Services Informatiques) est une entit\u00e9 importante de la structure Europe qui participe aux choix strat\u00e9giques.<br>Pour Swiss-Bourdin, qui occupait le si\u00e8ge parisien avant la fusion, l&rsquo;outil informatique et l&rsquo;utilisation d&rsquo;outils d\u00e9cisionnels pour am\u00e9liorer la vision et la planification de l&rsquo;activit\u00e9 ont toujours fait partie de la politique maison, en particulier pour ce qui concerne la partie recherche, production, communication et juridique.<\/p>\n\n\n\n<p class=\"has-vivid-red-color has-text-color has-normal-font-size\"><strong><em>La partie commerciale a \u00e9t\u00e9 le parent pauvre de cette informatisation, les visiteurs \u00e9tant vus comme des acteurs distants autonomes. La DSI a convaincu l&rsquo;entreprise que l&rsquo;int\u00e9gration des donn\u00e9es fournies par cette partie aura un impact important sur l&rsquo;ensemble de l&rsquo;activit\u00e9.<\/em><\/strong><\/p>\n\n\n\n<p class=\"has-black-color has-text-color has-normal-font-size\"><strong>L&rsquo;\u00e9quipement<\/strong><br>L&rsquo;informatique est fortement r\u00e9pandue sur le site. Chaque employ\u00e9 est \u00e9quip\u00e9 d&rsquo;un poste fixe reli\u00e9 au syst\u00e8me central. On d\u00e9nombre ainsi plus de 350 \u00e9quipements terminaux et un nombre de serveurs physiques cons\u00e9quent (45 en 2012) sur lesquels tournent plus de 100 serveurs virtuels.<br>On trouve aussi des stations de travail plus puissantes dans la partie labo-recherche, et une multitude d&rsquo;ordinateurs portables (personnels de direction, service informatique, services commerciaux, etc).<br>Les visiteurs m\u00e9dicaux re\u00e7oivent une indemnit\u00e9 bisannuelle pour s&rsquo;\u00e9quiper en informatique (politique Swiss-Bourdin) ou une dotation en \u00e9quipement (politique Galaxy). Il n&rsquo;y a pas \u00e0 l&rsquo;heure actuelle d&rsquo;uniformisation des machines ni du mode de fonctionnement<br>Chaque employ\u00e9 de l&rsquo;entreprise a une adresse de messagerie de la forme nomUtilisateur@swiss-galaxy.com. Les anciennes adresses de chaque laboratoire ont \u00e9t\u00e9 d\u00e9finitivement ferm\u00e9es au 1er janvier 2011.<\/p>\n\n\n\n<p class=\"has-vivid-red-color has-text-color\" style=\"font-size:18px\"><strong>Organisation du r\u00e9seau<\/strong><\/p>\n\n\n\n<div class=\"wp-block-media-text alignwide has-media-on-the-right is-stacked-on-mobile\"><figure class=\"wp-block-media-text__media\"><img loading=\"lazy\" width=\"472\" height=\"555\" src=\"http:\/\/fleborgne.aristeecampus.org\/wp-content\/uploads\/2021\/06\/map-reseau-gsb.png\" alt=\"\" class=\"wp-image-617 size-full\" srcset=\"https:\/\/fleborgne.aristeecampus.org\/wp-content\/uploads\/2021\/06\/map-reseau-gsb.png 472w, https:\/\/fleborgne.aristeecampus.org\/wp-content\/uploads\/2021\/06\/map-reseau-gsb-255x300.png 255w\" sizes=\"(max-width: 472px) 100vw, 472px\" \/><\/figure><div class=\"wp-block-media-text__content\">\n<p class=\"has-black-color has-text-color has-normal-font-size\"><strong>R\u00e9partition des services<\/strong><br>Chaque \u00e9tage dispose d&rsquo;une baie de brassage qui le relie par une fibre \u00e0 la baie centrale de la salle serveurs.<br>Toutes les salles de r\u00e9union sont \u00e9quip\u00e9es d&rsquo;un point d&rsquo;acc\u00e8s Wifi positionn\u00e9 par d\u00e9faut dans le VLAN \u00ab\u00a0Visiteurs\u00a0\u00bb qui autorise uniquement un acc\u00e8s Internet.<br>Les portables connect\u00e9s en wifi \u00e0 ce point d&rsquo;acc\u00e8s re\u00e7oivent ainsi une adresse IP et n&rsquo;ont, par cons\u00e9quent acc\u00e8s qu&rsquo;aux services DHCP et DNS.<br>Le point d\u2019acc\u00e8s peut \u00eatre configur\u00e9 \u00e0 la demande pour \u00eatre raccord\u00e9 \u00e0 un VLAN pr\u00e9sent au niveau de l&rsquo;\u00e9tage.<br>Chaque salle de r\u00e9union dispose d&rsquo;un vid\u00e9oprojecteur, d&rsquo;enceintes et d&rsquo;un tableau num\u00e9rique interactif.<br>La salle \u00ab\u00a0D\u00e9monstration\u00a0\u00bb est destin\u00e9e \u00e0 l&rsquo;accueil des organismes de sant\u00e9 (AFSSAPS notamment) et des partenaires scientifiques. Elle dispose de paillasses et d&rsquo;\u00e9quipements de laboratoire, en plus d&rsquo;une salle de r\u00e9union.<\/p>\n<\/div><\/div>\n\n\n\n<p class=\"has-black-color has-text-color has-normal-font-size\"><strong>Segmentation<\/strong><br>L&rsquo;organisation des VLAN et de l&rsquo;adressage IP est la suivante : <\/p>\n\n\n\n<figure class=\"wp-block-image size-large\"><img loading=\"lazy\" width=\"432\" height=\"282\" src=\"http:\/\/fleborgne.aristeecampus.org\/wp-content\/uploads\/2021\/06\/Capture-tableau-gsb-2.png\" alt=\"\" class=\"wp-image-644\" srcset=\"https:\/\/fleborgne.aristeecampus.org\/wp-content\/uploads\/2021\/06\/Capture-tableau-gsb-2.png 432w, https:\/\/fleborgne.aristeecampus.org\/wp-content\/uploads\/2021\/06\/Capture-tableau-gsb-2-300x196.png 300w, https:\/\/fleborgne.aristeecampus.org\/wp-content\/uploads\/2021\/06\/Capture-tableau-gsb-2-208x137.png 208w\" sizes=\"(max-width: 432px) 100vw, 432px\" \/><\/figure>\n\n\n\n<p class=\"has-black-color has-text-color has-normal-font-size\">Les r\u00e8gles actuelles concernant les vlans sont les suivantes :<\/p>\n\n\n\n<ul class=\"has-black-color has-text-color\"><li>chaque vlan (sauf le vlan visiteur) peut uniquement acc\u00e9der (quel que soit le protocole) aux vlans \u00ab\u00a0Serveurs\u00a0\u00bb et \u00ab\u00a0Sortie\u00a0\u00bb;<\/li><li>le vlan \u00ab\u00a0Visiteurs\u00a0\u00bb peut uniquement interroger les serveur DNS et DHCP et sortir sur internet ;<\/li><\/ul>\n\n\n\n<p class=\"has-vivid-red-color has-text-color\" style=\"font-size:18px\"><br><strong>Salle serveur et connexion internet<\/strong><\/p>\n\n\n\n<p class=\"has-black-color has-text-color has-normal-font-size\">L&rsquo;organisation des serveurs est la suivante. Il n\u2019est pas pr\u00e9cis\u00e9 si les serveurs sont virtualis\u00e9s ou non.<br>Seuls les serveurs principaux sont pr\u00e9sent\u00e9s, les redondances n&rsquo;apparaissent pas.<\/p>\n\n\n\n<div class=\"wp-block-image\"><figure class=\"aligncenter size-large\"><img loading=\"lazy\" width=\"703\" height=\"460\" src=\"http:\/\/fleborgne.aristeecampus.org\/wp-content\/uploads\/2021\/06\/schema-reseau-gsb.png\" alt=\"\" class=\"wp-image-640\" srcset=\"https:\/\/fleborgne.aristeecampus.org\/wp-content\/uploads\/2021\/06\/schema-reseau-gsb.png 703w, https:\/\/fleborgne.aristeecampus.org\/wp-content\/uploads\/2021\/06\/schema-reseau-gsb-300x196.png 300w, https:\/\/fleborgne.aristeecampus.org\/wp-content\/uploads\/2021\/06\/schema-reseau-gsb-208x137.png 208w\" sizes=\"(max-width: 703px) 100vw, 703px\" \/><\/figure><\/div>\n\n\n\n<p class=\"has-black-color has-text-color has-normal-font-size\">Les bases de donn\u00e9es des serveurs BDMED et BDPHARMA sont achet\u00e9es p\u00e9riodiquement aupr\u00e8s d&rsquo;organismes ext\u00e9rieurs et tenues \u00e0 jour par les employ\u00e9s entre deux achats.<br><br>Le commutateur MUTLAB assure un fonctionnement de niveau 3. \u00c0 ce titre, il r\u00e9alise un routage intervlan en limitant les communications gr\u00e2ce \u00e0 des listes de contr\u00f4les d&rsquo;acc\u00e8s (ACL).<br><br>Le serveur de messagerie et l&rsquo;intranet sont limit\u00e9s \u00e0 un usage interne au site parisien. Des services externalis\u00e9s (relai de messagerie aupr\u00e8s de l&rsquo;op\u00e9rateur et recopie d&rsquo;une partie du serveur intranet sur le serveur Web h\u00e9berg\u00e9 chez un prestataire) permettent aux visiteurs m\u00e9dicaux d&rsquo;utiliser la messagerie de l&rsquo;entreprise et d&rsquo;avoir acc\u00e8s aux principales informations de l&rsquo;intranet (Comit\u00e9 d&rsquo;entreprise, circulaires importantes, strat\u00e9gie de l&rsquo;entreprise, comptes rendus de CA, etc.).<br><br>La messagerie publique @swiss-galxy.com est h\u00e9berg\u00e9e aux \u00c9tats-Unis.<br><\/p>\n\n\n\n<p class=\"has-vivid-red-color has-text-color\" style=\"font-size:18px\"><br><strong>Domaine d&rsquo;\u00e9tude<\/strong><\/p>\n\n\n\n<p class=\"has-black-color has-text-color has-normal-font-size\">L&rsquo;entreprise souhaite porter une attention nouvelle \u00e0 sa force commerciale dans un double objectif :<br>obtenir une vision plus r\u00e9guli\u00e8re et efficace de l&rsquo;activit\u00e9 men\u00e9e sur le terrain aupr\u00e8s des praticiens,<br>mais aussi redonner confiance aux \u00e9quipes malmen\u00e9es par les fusions r\u00e9centes.<br><br><strong>Les visiteurs<\/strong><br>La force commerciale d&rsquo;un laboratoire pharmaceutique est assur\u00e9e par un travail de conseil et d&rsquo;information aupr\u00e8s des prescripteurs. Les visiteurs m\u00e9dicaux (ou d\u00e9l\u00e9gu\u00e9s) d\u00e9marchent les m\u00e9decins, pharmaciens, infirmi\u00e8res et autres m\u00e9tiers de sant\u00e9 susceptibles de prescrire aux patients les produits du laboratoire.<br><br>L&rsquo;objectif d&rsquo;une visite est d&rsquo;actualiser et rafra\u00eechir la connaissance des professionnels de sant\u00e9 sur les produits de l&rsquo;entreprise. Les visiteurs ne font pas de vente, mais leurs interventions ont un impact certain sur la prescription de la pharmacop\u00e9e du laboratoire.<br><br>Pour donner une organisation commune aux d\u00e9l\u00e9gu\u00e9s m\u00e9dicaux, l&rsquo;entreprise a adopt\u00e9 l&rsquo;organisation<br>de la flotte de visiteurs existant chez Galaxy, selon un syst\u00e8me hi\u00e9rarchique par r\u00e9gion et, \u00e0 un niveau<br>sup\u00e9rieur, par secteur g\u00e9ographique (Sud, Nord, Paris-Centre, Antilles-Guyane, etc).<br><br>Il n&rsquo;y a pas eu d&rsquo;harmonisation de la relation entre les personnels de terrain (Visiteurs et D\u00e9l\u00e9gu\u00e9s<br>r\u00e9gionaux) et les responsables de secteur. Les habitudes en cours avant la fusion ont \u00e9t\u00e9 adapt\u00e9es<br>sans que soient donn\u00e9es des directives au niveau local.<br><\/p>\n\n\n\n<div class=\"wp-block-image\"><figure class=\"aligncenter size-large\"><img loading=\"lazy\" width=\"688\" height=\"251\" src=\"http:\/\/fleborgne.aristeecampus.org\/wp-content\/uploads\/2021\/06\/Capture-hierarchie-gsb.png\" alt=\"\" class=\"wp-image-669\" srcset=\"https:\/\/fleborgne.aristeecampus.org\/wp-content\/uploads\/2021\/06\/Capture-hierarchie-gsb.png 688w, https:\/\/fleborgne.aristeecampus.org\/wp-content\/uploads\/2021\/06\/Capture-hierarchie-gsb-300x109.png 300w\" sizes=\"(max-width: 688px) 100vw, 688px\" \/><\/figure><\/div>\n\n\n\n<p class=\"has-vivid-red-color has-text-color\" style=\"font-size:18px\"><strong><em>On souhaite am\u00e9liorer le contact entre ces acteurs mobiles autonomes et les diff\u00e9rents services du si\u00e8ge parisien de l&rsquo;entit\u00e9 Europe. Il s\u2019agit d\u2019uniformiser la gestion du suivi des visites<\/em><\/strong><\/p>\n\n\n\n<p class=\"has-black-color has-text-color has-normal-font-size\"><strong>Les visiteurs et les autres services<\/strong><br>Les d\u00e9placements et actions de terrain men\u00e9es par les visiteurs engendrent des frais qui doivent \u00eatre pris en charge par la comptabilit\u00e9. On cherche \u00e0 agir au plus juste de mani\u00e8re \u00e0 limiter les exc\u00e8s sans pour autant diminuer les frais de repr\u00e9sentation qui font partie de l&rsquo;image de marque d&rsquo;un laboratoire.<br>Chez Galaxy, le principe d&rsquo;engagement des frais est celui de la carte bancaire au nom de l&rsquo;entreprise.<br>Chez Swiss-Bourdin, une gestion forfaitaire des principaux frais permet de limiter les justificatifs. Pour tout le reste, le remboursement est fait apr\u00e8s retour des pi\u00e8ces justificatives.<\/p>\n\n\n\n<p class=\"has-vivid-red-color has-text-color has-normal-font-size\"><strong><em>Une gestion unique de ces frais et remboursement pour l&rsquo;ensemble de la flotte visite est souhait\u00e9e.<\/em><\/strong><\/p>\n\n\n\n<p class=\"has-black-color has-text-color has-normal-font-size\">Les visiteurs r\u00e9cup\u00e8rent une information directe sur le terrain. Ceci concerne aussi bien le niveau de la confiance qu&rsquo;inspire le laboratoire que la lisibilit\u00e9 des notices d&rsquo;utilisation des m\u00e9dicaments ou encore les \u00e9ventuels probl\u00e8mes rencontr\u00e9s lors de leur utilisation, etc.<br>Ces informations ne sont actuellement pas syst\u00e9matiquement remont\u00e9es au si\u00e8ge, ou elles le sont dans des d\u00e9lais jug\u00e9s trop longs. Le service r\u00e9daction qui produit les notices souhaite avoir des remont\u00e9es plus r\u00e9guli\u00e8res et directes. Ceci permettra \u00e9galement au service labo-recherche d\u2019engager des \u00e9valuations compl\u00e9mentaires.<br><br>Le turn-over des visiteurs est de plus en plus important. Pour un d\u00e9l\u00e9gu\u00e9 r\u00e9gional et plus encore un responsable de secteur, le suivi des \u00e9quipes devient une v\u00e9ritable activit\u00e9 : obtenir les coordonn\u00e9es aupr\u00e8s des services RH lors de l&rsquo;arriv\u00e9e d&rsquo;un nouveau personnel, r\u00e9aliser un suivi personnalis\u00e9 et former les recrues, etc.<\/p>\n\n\n\n<p class=\"has-vivid-red-color has-text-color\" style=\"font-size:18px\"><strong><em>Un acc\u00e8s plus direct aux donn\u00e9es de personnel est n\u00e9cessaire.<\/em><\/strong><\/p>\n\n\n\n<p class=\"has-black-color has-text-color has-normal-font-size\"><br><strong>Responsabilit\u00e9s<\/strong><br>Les <strong>\u00e9quipes du service d\u00e9veloppement<\/strong> auront notamment \u00e0 produire puis \u00e0 fournir les \u00e9l\u00e9ments applicatifs permettant :<\/p>\n\n\n\n<ul class=\"has-black-color has-text-color\"><li> l&rsquo;enregistrement d&rsquo;informations en provenance des visiteurs<\/li><li>la gestion des frais de d\u00e9placement<\/li><\/ul>\n\n\n\n<p class=\"has-black-color has-text-color has-normal-font-size\">Les <strong>\u00e9quipes du service R\u00e9seau et syst\u00e8me<\/strong> fourniront les \u00e9quipements et configuration r\u00e9seau, ainsi que les ressources serveur n\u00e9cessaires \u00e0 h\u00e9berger les applications mises \u00e0 disposition de la flotte visite.<br><br>L&rsquo;entreprise souhaite porter une attention particuli\u00e8re en ce qui concerne la cybers\u00e9curit\u00e9 des services informatiques : elle souhaite d\u00e9velopper toutes les actions destiner \u00e0 :<\/p>\n\n\n\n<ul class=\"has-vivid-red-color has-text-color\"><li><strong><em>Prot\u00e9ger les donn\u00e9es \u00e0 caract\u00e8re personnel<\/em><\/strong><\/li><li><strong><em>S\u00e9curiser les \u00e9quipements et les usages des utilisateurs<\/em><\/strong><\/li><li><strong><em>Garantir la disponibilit\u00e9, l\u2019int\u00e9grit\u00e9 et la confidentialit\u00e9 des services informatiques et des donn\u00e9es de l\u2019organisation face \u00e0 des cyberattaques<\/em><\/strong><\/li><\/ul>\n\n\n\n<p><\/p>\n","protected":false},"excerpt":{"rendered":"<p>Cette pr\u00e9sentation sert de r\u00e9f\u00e9rence aux situations professionnel. Cette entreprise est fictive et est n\u00e9cessaire pour la r\u00e9alisation de mon &hellip; <\/p>\n","protected":false},"author":2,"featured_media":0,"parent":0,"menu_order":0,"comment_status":"closed","ping_status":"closed","template":"","meta":[],"_links":{"self":[{"href":"https:\/\/fleborgne.aristeecampus.org\/index.php\/wp-json\/wp\/v2\/pages\/580"}],"collection":[{"href":"https:\/\/fleborgne.aristeecampus.org\/index.php\/wp-json\/wp\/v2\/pages"}],"about":[{"href":"https:\/\/fleborgne.aristeecampus.org\/index.php\/wp-json\/wp\/v2\/types\/page"}],"author":[{"embeddable":true,"href":"https:\/\/fleborgne.aristeecampus.org\/index.php\/wp-json\/wp\/v2\/users\/2"}],"replies":[{"embeddable":true,"href":"https:\/\/fleborgne.aristeecampus.org\/index.php\/wp-json\/wp\/v2\/comments?post=580"}],"version-history":[{"count":86,"href":"https:\/\/fleborgne.aristeecampus.org\/index.php\/wp-json\/wp\/v2\/pages\/580\/revisions"}],"predecessor-version":[{"id":801,"href":"https:\/\/fleborgne.aristeecampus.org\/index.php\/wp-json\/wp\/v2\/pages\/580\/revisions\/801"}],"wp:attachment":[{"href":"https:\/\/fleborgne.aristeecampus.org\/index.php\/wp-json\/wp\/v2\/media?parent=580"}],"curies":[{"name":"wp","href":"https:\/\/api.w.org\/{rel}","templated":true}]}}