{"id":718,"date":"2021-06-07T15:03:21","date_gmt":"2021-06-07T13:03:21","guid":{"rendered":"http:\/\/fleborgne.aristeecampus.org\/?page_id=718"},"modified":"2022-01-08T15:53:41","modified_gmt":"2022-01-08T14:53:41","slug":"moyens-utilise","status":"publish","type":"page","link":"https:\/\/fleborgne.aristeecampus.org\/index.php\/moyens-utilise\/","title":{"rendered":"Mise en place"},"content":{"rendered":"\n<p class=\"has-black-color has-text-color has-medium-font-size\" style=\"margin:0\"><strong>Mes th\u00e8mes:<\/strong><\/p>\n\n\n\n<ul class=\"has-black-color has-text-color\"><li>Les projets Raspberry pi<\/li><li>Les Failles de s\u00e9curit\u00e9s ANSSI<\/li><\/ul>\n\n\n\n<p class=\"has-black-color has-text-color has-medium-font-size\"><strong>M\u00e9thode push:<\/strong><\/p>\n\n\n\n<p class=\"has-black-color has-text-color\">Comme son nom l&rsquo;indique (\u00ab\u00a0pousser\u00a0\u00bb en Anglais), la m\u00e9thode pull fait venir l&rsquo;information jusqu&rsquo;a nous et donc nous facilite la vie. Pour la mise en place de cette m\u00e9thode, j&rsquo;ai cr\u00e9e une boite mail avec laquelle je me suis abonn\u00e9 a diff\u00e9rent fil d&rsquo;actualit\u00e9 sur les r\u00e9seaux sociaux comme Twitter, Facebook mais aussi les diff\u00e9rents sites li\u00e9 \u00e0 l&rsquo;informatique comme le journal du geek. Cette boite mail me permettra d&rsquo;aliment\u00e9 ensuite mon Pearltrees en fonctions des notifications mails que j&rsquo;aurais re\u00e7u.<\/p>\n\n\n\n<p class=\"has-black-color has-text-color has-medium-font-size\"><strong>M\u00e9thode pull:<\/strong><\/p>\n\n\n\n<p class=\"has-black-color has-text-color\">La m\u00e9thode pull est l&rsquo;action que l&rsquo;utilisateur va entreprendre concernant sa veille, cette m\u00e9thode vise l&rsquo;alimentation de la veille par des recherches que j&rsquo;aurais effectu\u00e9 au pr\u00e9alable et non automatis\u00e9. J&rsquo;ai cependant un add-on (Extension en fran\u00e7ais) qui me permet d&rsquo;ajouter directement un contenu situ\u00e9 sur la page web dans ma veille technologique (Web Clipper).<\/p>\n","protected":false},"excerpt":{"rendered":"<p>Mes th\u00e8mes: Les projets Raspberry pi Les Failles de s\u00e9curit\u00e9s ANSSI M\u00e9thode push: Comme son nom l&rsquo;indique (\u00ab\u00a0pousser\u00a0\u00bb en Anglais), &hellip; <\/p>\n","protected":false},"author":2,"featured_media":0,"parent":0,"menu_order":0,"comment_status":"closed","ping_status":"closed","template":"","meta":[],"_links":{"self":[{"href":"https:\/\/fleborgne.aristeecampus.org\/index.php\/wp-json\/wp\/v2\/pages\/718"}],"collection":[{"href":"https:\/\/fleborgne.aristeecampus.org\/index.php\/wp-json\/wp\/v2\/pages"}],"about":[{"href":"https:\/\/fleborgne.aristeecampus.org\/index.php\/wp-json\/wp\/v2\/types\/page"}],"author":[{"embeddable":true,"href":"https:\/\/fleborgne.aristeecampus.org\/index.php\/wp-json\/wp\/v2\/users\/2"}],"replies":[{"embeddable":true,"href":"https:\/\/fleborgne.aristeecampus.org\/index.php\/wp-json\/wp\/v2\/comments?post=718"}],"version-history":[{"count":20,"href":"https:\/\/fleborgne.aristeecampus.org\/index.php\/wp-json\/wp\/v2\/pages\/718\/revisions"}],"predecessor-version":[{"id":1089,"href":"https:\/\/fleborgne.aristeecampus.org\/index.php\/wp-json\/wp\/v2\/pages\/718\/revisions\/1089"}],"wp:attachment":[{"href":"https:\/\/fleborgne.aristeecampus.org\/index.php\/wp-json\/wp\/v2\/media?parent=718"}],"curies":[{"name":"wp","href":"https:\/\/api.w.org\/{rel}","templated":true}]}}