{"id":863,"date":"2021-09-06T11:24:39","date_gmt":"2021-09-06T09:24:39","guid":{"rendered":"https:\/\/fleborgne.aristeecampus.org\/?page_id=863"},"modified":"2021-09-06T14:11:48","modified_gmt":"2021-09-06T12:11:48","slug":"rgpd","status":"publish","type":"page","link":"https:\/\/fleborgne.aristeecampus.org\/index.php\/rgpd\/","title":{"rendered":"RGPD"},"content":{"rendered":"\n<p>Dans cette page, je vais mettre a disposition ce que j&rsquo;ai du r\u00e9aliser pendant ma formation dans les locaux d&rsquo;Aristee.<br>Un de nos cours consister a r\u00e9aliser une formation en interne (Entreprise fictive GSB) afin de former le personnel au nouvelle directive du \u00ab\u00a0R\u00e8glement G\u00e9n\u00e9ral sur la Protection des Donn\u00e9es\u00a0\u00bb<\/p>\n\n\n\n<p>J&rsquo;ai donc fait ce diaporama comme support de pr\u00e9sentation: <\/p>\n\n\n<p><iframe src=\"https:\/\/docs.google.com\/presentation\/d\/e\/2PACX-1vTBAgr95vTFdgJ4SSzN8Y31gbqeAQCxAAZWGcpXRxX2fIEo5lYRUcyPvCPXk4uwEmxaZeVY5ktm4DvT\/embed?start=false&amp;loop=false&amp;delayms=30000\" allowfullscreen=\"true\" mozallowfullscreen=\"true\" webkitallowfullscreen=\"true\" width=\"1440\" height=\"839\" frameborder=\"0\"><\/iframe><\/p>\n\n\n\n<p>On a \u00e9galement fait un support de document en expliquant de mani\u00e8re approfondie les bonnes pratiques du RGPD disponible ici:<\/p><a href=\"https:\/\/fleborgne.aristeecampus.org\/wp-content\/uploads\/2021\/09\/Support-RGPD.pdf\" target=\"_blank\" rel=\"noopener noreferrer\"> <img loading=\"lazy\" alt=\"pdf\" src=\"\/wp-content\/uploads\/2020\/11\/32897.png\" id=\"test\" width=\"64\" height=\"64\" border=\"0\">\n<\/a>\n","protected":false},"excerpt":{"rendered":"<p>Dans cette page, je vais mettre a disposition ce que j&rsquo;ai du r\u00e9aliser pendant ma formation dans les locaux d&rsquo;Aristee.Un &hellip; <\/p>\n","protected":false},"author":2,"featured_media":0,"parent":0,"menu_order":0,"comment_status":"closed","ping_status":"closed","template":"","meta":[],"_links":{"self":[{"href":"https:\/\/fleborgne.aristeecampus.org\/index.php\/wp-json\/wp\/v2\/pages\/863"}],"collection":[{"href":"https:\/\/fleborgne.aristeecampus.org\/index.php\/wp-json\/wp\/v2\/pages"}],"about":[{"href":"https:\/\/fleborgne.aristeecampus.org\/index.php\/wp-json\/wp\/v2\/types\/page"}],"author":[{"embeddable":true,"href":"https:\/\/fleborgne.aristeecampus.org\/index.php\/wp-json\/wp\/v2\/users\/2"}],"replies":[{"embeddable":true,"href":"https:\/\/fleborgne.aristeecampus.org\/index.php\/wp-json\/wp\/v2\/comments?post=863"}],"version-history":[{"count":16,"href":"https:\/\/fleborgne.aristeecampus.org\/index.php\/wp-json\/wp\/v2\/pages\/863\/revisions"}],"predecessor-version":[{"id":1053,"href":"https:\/\/fleborgne.aristeecampus.org\/index.php\/wp-json\/wp\/v2\/pages\/863\/revisions\/1053"}],"wp:attachment":[{"href":"https:\/\/fleborgne.aristeecampus.org\/index.php\/wp-json\/wp\/v2\/media?parent=863"}],"curies":[{"name":"wp","href":"https:\/\/api.w.org\/{rel}","templated":true}]}}