{"id":890,"date":"2021-09-06T13:10:09","date_gmt":"2021-09-06T11:10:09","guid":{"rendered":"https:\/\/fleborgne.aristeecampus.org\/?page_id=890"},"modified":"2022-02-01T10:26:09","modified_gmt":"2022-02-01T09:26:09","slug":"bloc-1","status":"publish","type":"page","link":"https:\/\/fleborgne.aristeecampus.org\/index.php\/bloc-1\/","title":{"rendered":"Bloc 1"},"content":{"rendered":"\n<figure class=\"wp-block-table\" style=\"overflow:visible; margin:0; padding:0;\"><table style=\"border-collapse: separate;\" border=\"1\"><tbody><tr style=\"text-align:center;\"><td colspan=\"6\" style=\"text-align:center\">BTS SERVICES INFORMATIQUES AUX ORGANISATIONS<\/td> <td colspan=\"2\" style=\"text-align:center\">SESSION 2022<\/td><\/tr><tr><td colspan=\"8\" style=\"text-align:center\">Tableau de synth\u00e8se des r\u00e9alisations professionnelles<\/td><\/tr><tr><td colspan=\"5\" style=\"text-align:center\">NOM et pr\u00e9nom : LEBORGNE Florent<\/td><td colspan=\"3\">N\u00b0 candidat : <\/td><\/tr><tr><td colspan=\"5\" style=\"text-align:center\">Centre de formation : Aristee Campus<\/td><td colspan=\"3\">Option :\t\u2611 SISR\t\u25a2 SLAM<\/td><\/tr><tr><td rowspan=\"2\">\u00ab\u00a0Comp\u00e9tences mises en \u0153uvre<br><br>R\u00e9alisations professionnelles(intitul\u00e9 et liste des documents et productions associ\u00e9s)\u00a0\u00bb<\/td><td rowspan=\"2\" style=\"writing-mode:vertical-lr; width:20px;\">P\u00e9riode (sous la forme du JJ\/MM\/AA au JJ\/MM\/AA)<\/td><td>G\u00e9rer le patrimoine informatique<\/td><td>R\u00e9pondre aux incidents et aux demandes d\u2019assistance et d\u2019\u00e9volution<\/td><td>D\u00e9velopper la pr\u00e9sence en ligne de l\u2019organisation<\/td><td>Travailler en mode projet<\/td><td>Mettre \u00e0 disposition des utilisateurs un service informatique<\/td><td>Organiser son d\u00e9veloppement professionnel<\/td><\/tr><tr><td>\u00ab\u00a0\u25b8Recenser et identifier les ressources num\u00e9riques \n\u25b8Exploiter des r\u00e9f\u00e9rentiels, normes et standards adopt\u00e9s par le prestataire informatique\n\u25b8Mettre en place et v\u00e9rifier les niveaux d\u2019habilitation associ\u00e9s \u00e0 un service\n\u25b8V\u00e9rifier les conditions de la continuit\u00e9 d\u2019un service informatique\n\u25b8G\u00e9rer des sauvegardes\n\u25b8V\u00e9rifier le respect des r\u00e8gles d\u2019utilisation des ressources num\u00e9riques\u00a0\u00bb\n<\/td><td>\u00ab\u00a0\u25b8Collecter, suivre et orienter des demandes \n\u25b8Traiter des demandes concernant les services r\u00e9seau et syst\u00e8me, applicatifs\n\u25b8Traiter des demandes concernant les applications\u00a0\u00bb\n<\/td><td>\u00ab\u00a0\u25b8Participer \u00e0 la valorisation de l\u2019image de l\u2019organisation sur les m\u00e9dias num\u00e9riques en tenant compte du cadre juridique et des enjeux \u00e9conomiques\n\u25b8R\u00e9f\u00e9rencer les services en ligne de l\u2019organisation et mesurer leur visibilit\u00e9.\n\u25b8Participer \u00e0 l\u2019\u00e9volution d\u2019un site Web exploitant les donn\u00e9es de l\u2019organisation.\u00a0\u00bb\n<\/td><td>\u00ab\u00a0\u25b8Analyser les objectifs et les modalit\u00e9s d\u2019organisation d\u2019un projet\n\u25b8Planifier les activit\u00e9s\n\u25b8\u00c9valuer les indicateurs de suivi d\u2019un projet et analyser les \u00e9carts\u00a0\u00bb\n<\/td><td>\u00ab\u00a0\u25b8R\u00e9aliser les tests d\u2019int\u00e9gration et d\u2019acceptation d\u2019un service\n\u25b8D\u00e9ployer un service\n\u25b8Accompagner les utilisateurs dans la mise en place d\u2019un service\u00a0\u00bb\n<\/td><td>\u00ab\u00a0\u25b8Mettre en place son environnement d\u2019apprentissage personnel\n\u25b8Mettre en \u0153uvre des outils et strat\u00e9gies de veille informationnelle\n\u25b8G\u00e9rer son identit\u00e9 professionnelle\n\u25b8D\u00e9velopper son projet professionnel\u00a0\u00bb\n<\/td><\/tr><tr><td colspan=\"8\" style=\"text-align:center\">R\u00e9alisations en milieu professionnel en cours de premi\u00e8re ann\u00e9e<\/td><\/tr><tr><td>pouet<\/td><td><\/td><td><\/td><td><\/td><td><\/td><td><\/td><td><\/td><td><\/td><\/tr><tr><td>pouet<\/td><td><\/td><td><\/td><td><\/td><td><\/td><td><\/td><td><\/td><td><\/td><\/tr><tr><td>pouet<\/td><td><\/td><td><\/td><td><\/td><td><\/td><td><\/td><td><\/td><td><\/td><\/tr><\/tbody><\/table><\/figure>\n","protected":false},"excerpt":{"rendered":"<p>BTS SERVICES INFORMATIQUES AUX ORGANISATIONS SESSION 2022 Tableau de synth\u00e8se des r\u00e9alisations professionnelles NOM et pr\u00e9nom : LEBORGNE Florent N\u00b0 &hellip; <\/p>\n","protected":false},"author":2,"featured_media":0,"parent":0,"menu_order":0,"comment_status":"closed","ping_status":"closed","template":"template-table.php","meta":[],"_links":{"self":[{"href":"https:\/\/fleborgne.aristeecampus.org\/index.php\/wp-json\/wp\/v2\/pages\/890"}],"collection":[{"href":"https:\/\/fleborgne.aristeecampus.org\/index.php\/wp-json\/wp\/v2\/pages"}],"about":[{"href":"https:\/\/fleborgne.aristeecampus.org\/index.php\/wp-json\/wp\/v2\/types\/page"}],"author":[{"embeddable":true,"href":"https:\/\/fleborgne.aristeecampus.org\/index.php\/wp-json\/wp\/v2\/users\/2"}],"replies":[{"embeddable":true,"href":"https:\/\/fleborgne.aristeecampus.org\/index.php\/wp-json\/wp\/v2\/comments?post=890"}],"version-history":[{"count":107,"href":"https:\/\/fleborgne.aristeecampus.org\/index.php\/wp-json\/wp\/v2\/pages\/890\/revisions"}],"predecessor-version":[{"id":1127,"href":"https:\/\/fleborgne.aristeecampus.org\/index.php\/wp-json\/wp\/v2\/pages\/890\/revisions\/1127"}],"wp:attachment":[{"href":"https:\/\/fleborgne.aristeecampus.org\/index.php\/wp-json\/wp\/v2\/media?parent=890"}],"curies":[{"name":"wp","href":"https:\/\/api.w.org\/{rel}","templated":true}]}}